{"id":57,"date":"2024-01-25T20:41:01","date_gmt":"2024-01-25T20:41:01","guid":{"rendered":"https:\/\/povestile-generatiilor.ro\/index.php\/user-profile\/"},"modified":"2025-01-01T10:46:05","modified_gmt":"2025-01-01T10:46:05","slug":"user-profile","status":"publish","type":"page","link":"https:\/\/povestile-generatiilor.ro\/index.php\/user-profile\/","title":{"rendered":"Despre Autor"},"content":{"rendered":"\t\t<div data-elementor-type=\"wp-page\" data-elementor-id=\"57\" class=\"elementor elementor-57\" data-elementor-post-type=\"page\">\n\t\t\t\t\t\t<section class=\"elementor-section elementor-top-section elementor-element elementor-element-62a2ef28 elementor-section-full_width elementor-section-height-default elementor-section-height-default\" data-id=\"62a2ef28\" data-element_type=\"section\" data-e-type=\"section\" data-settings=\"{&quot;background_background&quot;:&quot;classic&quot;}\">\n\t\t\t\t\t\t<div class=\"elementor-container elementor-column-gap-no\">\n\t\t\t\t\t<div class=\"elementor-column elementor-col-100 elementor-top-column elementor-element elementor-element-28f54ac\" data-id=\"28f54ac\" data-element_type=\"column\" data-e-type=\"column\">\n\t\t\t<div class=\"elementor-widget-wrap elementor-element-populated\">\n\t\t\t\t\t\t<div class=\"elementor-element elementor-element-1dae2a08 elementor-widget elementor-widget-template\" data-id=\"1dae2a08\" data-element_type=\"widget\" data-e-type=\"widget\" data-widget_type=\"template.default\">\n\t\t\t\t<div class=\"elementor-widget-container\">\n\t\t\t\t\t\t\t<div class=\"elementor-template\">\n\t\t\t\t\t<div data-elementor-type=\"section\" data-elementor-id=\"41\" class=\"elementor elementor-41\" data-elementor-post-type=\"elementor_library\">\n\t\t\t\t\t<section class=\"elementor-section elementor-top-section elementor-element elementor-element-79a2b601 elementor-section-height-min-height elementor-section-boxed elementor-section-height-default elementor-section-items-middle\" data-id=\"79a2b601\" data-element_type=\"section\" data-e-type=\"section\" data-settings=\"{&quot;background_background&quot;:&quot;classic&quot;}\">\n\t\t\t\t\t\t<div class=\"elementor-container elementor-column-gap-wider\">\n\t\t\t\t\t<div class=\"elementor-column elementor-col-100 elementor-top-column elementor-element elementor-element-31667c5c\" data-id=\"31667c5c\" data-element_type=\"column\" data-e-type=\"column\">\n\t\t\t<div class=\"elementor-widget-wrap elementor-element-populated\">\n\t\t\t\t\t\t\t<\/div>\n\t\t<\/div>\n\t\t\t\t\t<\/div>\n\t\t<\/section>\n\t\t\t\t<\/div>\n\t\t\t\t<\/div>\n\t\t\t\t\t\t<\/div>\n\t\t\t\t<\/div>\n\t\t\t\t\t<\/div>\n\t\t<\/div>\n\t\t\t\t\t<\/div>\n\t\t<\/section>\n\t\t\t\t<section class=\"elementor-section elementor-top-section elementor-element elementor-element-7b9a5206 elementor-section-boxed elementor-section-height-default elementor-section-height-default\" data-id=\"7b9a5206\" data-element_type=\"section\" data-e-type=\"section\">\n\t\t\t\t\t\t<div class=\"elementor-container elementor-column-gap-wider\">\n\t\t\t\t\t<div class=\"elementor-column elementor-col-50 elementor-top-column elementor-element elementor-element-1c8339f3\" data-id=\"1c8339f3\" data-element_type=\"column\" data-e-type=\"column\">\n\t\t\t<div class=\"elementor-widget-wrap elementor-element-populated\">\n\t\t\t\t\t\t<section class=\"elementor-section elementor-inner-section elementor-element elementor-element-216b1094 elementor-section-boxed elementor-section-height-default elementor-section-height-default\" data-id=\"216b1094\" data-element_type=\"section\" data-e-type=\"section\" data-settings=\"{&quot;background_background&quot;:&quot;classic&quot;,&quot;sticky&quot;:&quot;top&quot;,&quot;sticky_on&quot;:[&quot;tablet&quot;],&quot;sticky_offset_tablet&quot;:100,&quot;sticky_parent&quot;:&quot;yes&quot;,&quot;sticky_offset&quot;:0,&quot;sticky_effects_offset&quot;:0,&quot;sticky_anchor_link_offset&quot;:0}\">\n\t\t\t\t\t\t<div class=\"elementor-container elementor-column-gap-wider\">\n\t\t\t\t\t<div class=\"elementor-column elementor-col-100 elementor-inner-column elementor-element elementor-element-1cff0b04\" data-id=\"1cff0b04\" data-element_type=\"column\" data-e-type=\"column\">\n\t\t\t<div class=\"elementor-widget-wrap elementor-element-populated\">\n\t\t\t\t\t\t<div class=\"elementor-element elementor-element-122ef22d elementor-widget__width-initial elementor-widget elementor-widget-image\" data-id=\"122ef22d\" data-element_type=\"widget\" data-e-type=\"widget\" data-widget_type=\"image.default\">\n\t\t\t\t\t\t\t\t\t\t\t\t\t\t\t<img fetchpriority=\"high\" decoding=\"async\" width=\"800\" height=\"682\" src=\"https:\/\/povestile-generatiilor.ro\/wp-content\/uploads\/2025\/01\/a.webp\" class=\"attachment-full size-full wp-image-1005\" alt=\"\" srcset=\"https:\/\/povestile-generatiilor.ro\/wp-content\/uploads\/2025\/01\/a.webp 800w, https:\/\/povestile-generatiilor.ro\/wp-content\/uploads\/2025\/01\/a-768x655.webp 768w\" sizes=\"(max-width: 800px) 100vw, 800px\" \/>\t\t\t\t\t\t\t\t\t\t\t\t\t\t\t<\/div>\n\t\t\t\t<div class=\"elementor-element elementor-element-6eb8efc8 elementor-widget elementor-widget-heading\" data-id=\"6eb8efc8\" data-element_type=\"widget\" data-e-type=\"widget\" data-widget_type=\"heading.default\">\n\t\t\t\t\t<h2 class=\"elementor-heading-title elementor-size-default\">Roiban I. Sorin\n<\/h2>\t\t\t\t<\/div>\n\t\t\t\t<div class=\"elementor-element elementor-element-75b5a2a8 elementor-widget elementor-widget-heading\" data-id=\"75b5a2a8\" data-element_type=\"widget\" data-e-type=\"widget\" data-widget_type=\"heading.default\">\n\t\t\t\t\t<p class=\"elementor-heading-title elementor-size-default\">Tata, Sot , Pasionat de scris<\/p>\t\t\t\t<\/div>\n\t\t\t\t<div class=\"elementor-element elementor-element-56acc956 elementor-icon-list--layout-traditional elementor-list-item-link-full_width elementor-widget elementor-widget-icon-list\" data-id=\"56acc956\" data-element_type=\"widget\" data-e-type=\"widget\" data-widget_type=\"icon-list.default\">\n\t\t\t\t\t\t\t<ul class=\"elementor-icon-list-items\">\n\t\t\t\t\t\t\t<li class=\"elementor-icon-list-item\">\n\t\t\t\t\t\t\t\t\t\t\t<a href=\"mailto:sorinroiban@yahoo.com\">\n\n\t\t\t\t\t\t\t\t\t\t\t\t<span class=\"elementor-icon-list-icon\">\n\t\t\t\t\t\t\t<svg aria-hidden=\"true\" class=\"e-font-icon-svg e-far-envelope-open\" viewBox=\"0 0 512 512\" xmlns=\"http:\/\/www.w3.org\/2000\/svg\"><path d=\"M494.586 164.516c-4.697-3.883-111.723-89.95-135.251-108.657C337.231 38.191 299.437 0 256 0c-43.205 0-80.636 37.717-103.335 55.859-24.463 19.45-131.07 105.195-135.15 108.549A48.004 48.004 0 0 0 0 201.485V464c0 26.51 21.49 48 48 48h416c26.51 0 48-21.49 48-48V201.509a48 48 0 0 0-17.414-36.993zM464 458a6 6 0 0 1-6 6H54a6 6 0 0 1-6-6V204.347c0-1.813.816-3.526 2.226-4.665 15.87-12.814 108.793-87.554 132.364-106.293C200.755 78.88 232.398 48 256 48c23.693 0 55.857 31.369 73.41 45.389 23.573 18.741 116.503 93.493 132.366 106.316a5.99 5.99 0 0 1 2.224 4.663V458zm-31.991-187.704c4.249 5.159 3.465 12.795-1.745 16.981-28.975 23.283-59.274 47.597-70.929 56.863C336.636 362.283 299.205 400 256 400c-43.452 0-81.287-38.237-103.335-55.86-11.279-8.967-41.744-33.413-70.927-56.865-5.21-4.187-5.993-11.822-1.745-16.981l15.258-18.528c4.178-5.073 11.657-5.843 16.779-1.726 28.618 23.001 58.566 47.035 70.56 56.571C200.143 320.631 232.307 352 256 352c23.602 0 55.246-30.88 73.41-45.389 11.994-9.535 41.944-33.57 70.563-56.568 5.122-4.116 12.601-3.346 16.778 1.727l15.258 18.526z\"><\/path><\/svg>\t\t\t\t\t\t<\/span>\n\t\t\t\t\t\t\t\t\t\t<span class=\"elementor-icon-list-text\">sorinroiban@yahoo.com<\/span>\n\t\t\t\t\t\t\t\t\t\t\t<\/a>\n\t\t\t\t\t\t\t\t\t<\/li>\n\t\t\t\t\t\t\t\t<li class=\"elementor-icon-list-item\">\n\t\t\t\t\t\t\t\t\t\t\t<a href=\"mailto:sorinroiban@yahoo.com\">\n\n\t\t\t\t\t\t\t\t\t\t\t\t<span class=\"elementor-icon-list-icon\">\n\t\t\t\t\t\t\t<svg aria-hidden=\"true\" class=\"e-font-icon-svg e-far-envelope-open\" viewBox=\"0 0 512 512\" xmlns=\"http:\/\/www.w3.org\/2000\/svg\"><path d=\"M494.586 164.516c-4.697-3.883-111.723-89.95-135.251-108.657C337.231 38.191 299.437 0 256 0c-43.205 0-80.636 37.717-103.335 55.859-24.463 19.45-131.07 105.195-135.15 108.549A48.004 48.004 0 0 0 0 201.485V464c0 26.51 21.49 48 48 48h416c26.51 0 48-21.49 48-48V201.509a48 48 0 0 0-17.414-36.993zM464 458a6 6 0 0 1-6 6H54a6 6 0 0 1-6-6V204.347c0-1.813.816-3.526 2.226-4.665 15.87-12.814 108.793-87.554 132.364-106.293C200.755 78.88 232.398 48 256 48c23.693 0 55.857 31.369 73.41 45.389 23.573 18.741 116.503 93.493 132.366 106.316a5.99 5.99 0 0 1 2.224 4.663V458zm-31.991-187.704c4.249 5.159 3.465 12.795-1.745 16.981-28.975 23.283-59.274 47.597-70.929 56.863C336.636 362.283 299.205 400 256 400c-43.452 0-81.287-38.237-103.335-55.86-11.279-8.967-41.744-33.413-70.927-56.865-5.21-4.187-5.993-11.822-1.745-16.981l15.258-18.528c4.178-5.073 11.657-5.843 16.779-1.726 28.618 23.001 58.566 47.035 70.56 56.571C200.143 320.631 232.307 352 256 352c23.602 0 55.246-30.88 73.41-45.389 11.994-9.535 41.944-33.57 70.563-56.568 5.122-4.116 12.601-3.346 16.778 1.727l15.258 18.526z\"><\/path><\/svg>\t\t\t\t\t\t<\/span>\n\t\t\t\t\t\t\t\t\t\t<span class=\"elementor-icon-list-text\">povestilegeneratiilor@gmail.com<\/span>\n\t\t\t\t\t\t\t\t\t\t\t<\/a>\n\t\t\t\t\t\t\t\t\t<\/li>\n\t\t\t\t\t\t<\/ul>\n\t\t\t\t\t\t<\/div>\n\t\t\t\t\t<\/div>\n\t\t<\/div>\n\t\t\t\t\t<\/div>\n\t\t<\/section>\n\t\t\t\t<div class=\"elementor-element elementor-element-61b02b7a elementor-widget-divider--view-line elementor-widget elementor-widget-divider\" data-id=\"61b02b7a\" data-element_type=\"widget\" data-e-type=\"widget\" data-widget_type=\"divider.default\">\n\t\t\t\t\t\t\t<div class=\"elementor-divider\">\n\t\t\t<span class=\"elementor-divider-separator\">\n\t\t\t\t\t\t<\/span>\n\t\t<\/div>\n\t\t\t\t\t\t<\/div>\n\t\t\t\t\t<\/div>\n\t\t<\/div>\n\t\t\t\t<div class=\"elementor-column elementor-col-50 elementor-top-column elementor-element elementor-element-5eac5d83\" data-id=\"5eac5d83\" data-element_type=\"column\" data-e-type=\"column\">\n\t\t\t<div class=\"elementor-widget-wrap elementor-element-populated\">\n\t\t\t\t\t\t<div class=\"elementor-element elementor-element-6156ba4 elementor-widget elementor-widget-heading\" data-id=\"6156ba4\" data-element_type=\"widget\" data-e-type=\"widget\" data-widget_type=\"heading.default\">\n\t\t\t\t\t<h2 class=\"elementor-heading-title elementor-size-default\">Despre<\/h2>\t\t\t\t<\/div>\n\t\t\t\t<div class=\"elementor-element elementor-element-2980e536 elementor-widget elementor-widget-text-editor\" data-id=\"2980e536\" data-element_type=\"widget\" data-e-type=\"widget\" data-widget_type=\"text-editor.default\">\n\t\t\t\t\t\t\t\t\t<p>Orice genera\u021bie cre\u0219te cu acela\u0219i poezii,pove\u0219ti \u0219i este un lucru bun chiar dac\u0103 mereu ne dorim ceva nou.Cred c\u0103 ce este vechi trebuie doar \u0219lefuit \u0219i men\u021binut din genera\u021bie \u00een genera\u021bie.<\/p><p>Din ramur\u0103 se extrag multe idei \u0219i cu c\u00e2t \u00eenaint\u0103m \u00een via\u021b\u0103 vedem de fapt c\u0103 era mai bine \u0219i \u00een trecut<span class=\"Apple-converted-space\">\u00a0 <\/span>dar mereu lipse\u0219te ceva.<\/p><p>Din joac\u0103 dup\u0103 ce au ap\u0103rut copii \u0103n via\u021ba mea,am mers dintr-o rim\u0103 \u00een rim\u0103 s\u0103 \u00eei fac s\u0103 r\u00e2d\u0103 \u0219i am zis de ce nu,e timpul de schimbare.<\/p><p>A\u0219a a ap\u0103rut Pove\u0219tile-Genera\u021biilor.ro<\/p><p>Schimbarea e\u0219ti tu!<\/p>\t\t\t\t\t\t\t\t<\/div>\n\t\t\t\t\t<\/div>\n\t\t<\/div>\n\t\t\t\t\t<\/div>\n\t\t<\/section>\n\t\t\t\t<\/div>\n\t\t","protected":false},"excerpt":{"rendered":"<p>Roiban I. Sorin Tata, Sot , Pasionat de scris sorinroiban@yahoo.com povestilegeneratiilor@gmail.com Despre Orice genera\u021bie cre\u0219te cu acela\u0219i poezii,pove\u0219ti \u0219i este un lucru bun chiar dac\u0103 mereu ne dorim ceva nou.Cred c\u0103 ce este vechi trebuie doar \u0219lefuit \u0219i men\u021binut din genera\u021bie \u00een genera\u021bie. Din ramur\u0103 se extrag multe idei \u0219i cu c\u00e2t \u00eenaint\u0103m \u00een via\u021b\u0103 [&hellip;]<\/p>\n","protected":false},"author":1,"featured_media":0,"parent":0,"menu_order":0,"comment_status":"closed","ping_status":"closed","template":"","meta":{"footnotes":""},"class_list":["post-57","page","type-page","status-publish","hentry"],"yoast_head":"<!-- This site is optimized with the Yoast SEO plugin v27.4 - https:\/\/yoast.com\/product\/yoast-seo-wordpress\/ -->\n<title>Despre Autor - Povestile generatiilor. Povesti si poezii.<\/title>\n<meta name=\"robots\" content=\"index, follow, max-snippet:-1, max-image-preview:large, max-video-preview:-1\" \/>\n<link rel=\"canonical\" href=\"https:\/\/povestile-generatiilor.ro\/index.php\/user-profile\/\" \/>\n<meta property=\"og:locale\" content=\"ro_RO\" \/>\n<meta property=\"og:type\" content=\"article\" \/>\n<meta property=\"og:title\" content=\"Despre Autor - Povestile generatiilor. Povesti si poezii.\" \/>\n<meta property=\"og:description\" content=\"Roiban I. Sorin Tata, Sot , Pasionat de scris sorinroiban@yahoo.com povestilegeneratiilor@gmail.com Despre Orice genera\u021bie cre\u0219te cu acela\u0219i poezii,pove\u0219ti \u0219i este un lucru bun chiar dac\u0103 mereu ne dorim ceva nou.Cred c\u0103 ce este vechi trebuie doar \u0219lefuit \u0219i men\u021binut din genera\u021bie \u00een genera\u021bie. Din ramur\u0103 se extrag multe idei \u0219i cu c\u00e2t \u00eenaint\u0103m \u00een via\u021b\u0103 [&hellip;]\" \/>\n<meta property=\"og:url\" content=\"https:\/\/povestile-generatiilor.ro\/index.php\/user-profile\/\" \/>\n<meta property=\"og:site_name\" content=\"Povestile generatiilor. Povesti si poezii.\" \/>\n<meta property=\"article:modified_time\" content=\"2025-01-01T10:46:05+00:00\" \/>\n<meta property=\"og:image\" content=\"https:\/\/povestile-generatiilor.ro\/wp-content\/uploads\/2025\/01\/a.webp\" \/>\n<meta name=\"twitter:card\" content=\"summary_large_image\" \/>\n<meta name=\"twitter:label1\" content=\"Timp estimat pentru citire\" \/>\n\t<meta name=\"twitter:data1\" content=\"1 minut\" \/>\n<script type=\"application\/ld+json\" class=\"yoast-schema-graph\">{\"@context\":\"https:\\\/\\\/schema.org\",\"@graph\":[{\"@type\":\"WebPage\",\"@id\":\"https:\\\/\\\/povestile-generatiilor.ro\\\/index.php\\\/user-profile\\\/\",\"url\":\"https:\\\/\\\/povestile-generatiilor.ro\\\/index.php\\\/user-profile\\\/\",\"name\":\"Despre Autor - Povestile generatiilor. Povesti si poezii.\",\"isPartOf\":{\"@id\":\"https:\\\/\\\/povestile-generatiilor.ro\\\/#website\"},\"primaryImageOfPage\":{\"@id\":\"https:\\\/\\\/povestile-generatiilor.ro\\\/index.php\\\/user-profile\\\/#primaryimage\"},\"image\":{\"@id\":\"https:\\\/\\\/povestile-generatiilor.ro\\\/index.php\\\/user-profile\\\/#primaryimage\"},\"thumbnailUrl\":\"https:\\\/\\\/povestile-generatiilor.ro\\\/wp-content\\\/uploads\\\/2025\\\/01\\\/a.webp\",\"datePublished\":\"2024-01-25T20:41:01+00:00\",\"dateModified\":\"2025-01-01T10:46:05+00:00\",\"breadcrumb\":{\"@id\":\"https:\\\/\\\/povestile-generatiilor.ro\\\/index.php\\\/user-profile\\\/#breadcrumb\"},\"inLanguage\":\"ro-RO\",\"potentialAction\":[{\"@type\":\"ReadAction\",\"target\":[\"https:\\\/\\\/povestile-generatiilor.ro\\\/index.php\\\/user-profile\\\/\"]}]},{\"@type\":\"ImageObject\",\"inLanguage\":\"ro-RO\",\"@id\":\"https:\\\/\\\/povestile-generatiilor.ro\\\/index.php\\\/user-profile\\\/#primaryimage\",\"url\":\"https:\\\/\\\/povestile-generatiilor.ro\\\/wp-content\\\/uploads\\\/2025\\\/01\\\/a.webp\",\"contentUrl\":\"https:\\\/\\\/povestile-generatiilor.ro\\\/wp-content\\\/uploads\\\/2025\\\/01\\\/a.webp\",\"width\":800,\"height\":682},{\"@type\":\"BreadcrumbList\",\"@id\":\"https:\\\/\\\/povestile-generatiilor.ro\\\/index.php\\\/user-profile\\\/#breadcrumb\",\"itemListElement\":[{\"@type\":\"ListItem\",\"position\":1,\"name\":\"Home\",\"item\":\"https:\\\/\\\/povestile-generatiilor.ro\\\/\"},{\"@type\":\"ListItem\",\"position\":2,\"name\":\"Despre Autor\"}]},{\"@type\":\"WebSite\",\"@id\":\"https:\\\/\\\/povestile-generatiilor.ro\\\/#website\",\"url\":\"https:\\\/\\\/povestile-generatiilor.ro\\\/\",\"name\":\"Povestile generatiilor. Povesti si poezii.\",\"description\":\"Povesti pentru copii cu si despre animale. Citeste copilului t\u0103u povestirile vechi ale copil\u0103riei.\",\"publisher\":{\"@id\":\"https:\\\/\\\/povestile-generatiilor.ro\\\/#organization\"},\"potentialAction\":[{\"@type\":\"SearchAction\",\"target\":{\"@type\":\"EntryPoint\",\"urlTemplate\":\"https:\\\/\\\/povestile-generatiilor.ro\\\/?s={search_term_string}\"},\"query-input\":{\"@type\":\"PropertyValueSpecification\",\"valueRequired\":true,\"valueName\":\"search_term_string\"}}],\"inLanguage\":\"ro-RO\"},{\"@type\":\"Organization\",\"@id\":\"https:\\\/\\\/povestile-generatiilor.ro\\\/#organization\",\"name\":\"Povestile generatiilor. Povesti si poezii.\",\"url\":\"https:\\\/\\\/povestile-generatiilor.ro\\\/\",\"logo\":{\"@type\":\"ImageObject\",\"inLanguage\":\"ro-RO\",\"@id\":\"https:\\\/\\\/povestile-generatiilor.ro\\\/#\\\/schema\\\/logo\\\/image\\\/\",\"url\":\"https:\\\/\\\/povestile-generatiilor.ro\\\/wp-content\\\/uploads\\\/2024\\\/01\\\/logo-povestile-generatiilor-png.jpeg\",\"contentUrl\":\"https:\\\/\\\/povestile-generatiilor.ro\\\/wp-content\\\/uploads\\\/2024\\\/01\\\/logo-povestile-generatiilor-png.jpeg\",\"width\":765,\"height\":153,\"caption\":\"Povestile generatiilor. Povesti si poezii.\"},\"image\":{\"@id\":\"https:\\\/\\\/povestile-generatiilor.ro\\\/#\\\/schema\\\/logo\\\/image\\\/\"}}]}<\/script>\n<!-- \/ Yoast SEO plugin. -->","yoast_head_json":{"title":"Despre Autor - Povestile generatiilor. Povesti si poezii.","robots":{"index":"index","follow":"follow","max-snippet":"max-snippet:-1","max-image-preview":"max-image-preview:large","max-video-preview":"max-video-preview:-1"},"canonical":"https:\/\/povestile-generatiilor.ro\/index.php\/user-profile\/","og_locale":"ro_RO","og_type":"article","og_title":"Despre Autor - Povestile generatiilor. Povesti si poezii.","og_description":"Roiban I. Sorin Tata, Sot , Pasionat de scris sorinroiban@yahoo.com povestilegeneratiilor@gmail.com Despre Orice genera\u021bie cre\u0219te cu acela\u0219i poezii,pove\u0219ti \u0219i este un lucru bun chiar dac\u0103 mereu ne dorim ceva nou.Cred c\u0103 ce este vechi trebuie doar \u0219lefuit \u0219i men\u021binut din genera\u021bie \u00een genera\u021bie. Din ramur\u0103 se extrag multe idei \u0219i cu c\u00e2t \u00eenaint\u0103m \u00een via\u021b\u0103 [&hellip;]","og_url":"https:\/\/povestile-generatiilor.ro\/index.php\/user-profile\/","og_site_name":"Povestile generatiilor. Povesti si poezii.","article_modified_time":"2025-01-01T10:46:05+00:00","og_image":[{"url":"https:\/\/povestile-generatiilor.ro\/wp-content\/uploads\/2025\/01\/a.webp","type":"","width":"","height":""}],"twitter_card":"summary_large_image","twitter_misc":{"Timp estimat pentru citire":"1 minut"},"schema":{"@context":"https:\/\/schema.org","@graph":[{"@type":"WebPage","@id":"https:\/\/povestile-generatiilor.ro\/index.php\/user-profile\/","url":"https:\/\/povestile-generatiilor.ro\/index.php\/user-profile\/","name":"Despre Autor - Povestile generatiilor. Povesti si poezii.","isPartOf":{"@id":"https:\/\/povestile-generatiilor.ro\/#website"},"primaryImageOfPage":{"@id":"https:\/\/povestile-generatiilor.ro\/index.php\/user-profile\/#primaryimage"},"image":{"@id":"https:\/\/povestile-generatiilor.ro\/index.php\/user-profile\/#primaryimage"},"thumbnailUrl":"https:\/\/povestile-generatiilor.ro\/wp-content\/uploads\/2025\/01\/a.webp","datePublished":"2024-01-25T20:41:01+00:00","dateModified":"2025-01-01T10:46:05+00:00","breadcrumb":{"@id":"https:\/\/povestile-generatiilor.ro\/index.php\/user-profile\/#breadcrumb"},"inLanguage":"ro-RO","potentialAction":[{"@type":"ReadAction","target":["https:\/\/povestile-generatiilor.ro\/index.php\/user-profile\/"]}]},{"@type":"ImageObject","inLanguage":"ro-RO","@id":"https:\/\/povestile-generatiilor.ro\/index.php\/user-profile\/#primaryimage","url":"https:\/\/povestile-generatiilor.ro\/wp-content\/uploads\/2025\/01\/a.webp","contentUrl":"https:\/\/povestile-generatiilor.ro\/wp-content\/uploads\/2025\/01\/a.webp","width":800,"height":682},{"@type":"BreadcrumbList","@id":"https:\/\/povestile-generatiilor.ro\/index.php\/user-profile\/#breadcrumb","itemListElement":[{"@type":"ListItem","position":1,"name":"Home","item":"https:\/\/povestile-generatiilor.ro\/"},{"@type":"ListItem","position":2,"name":"Despre Autor"}]},{"@type":"WebSite","@id":"https:\/\/povestile-generatiilor.ro\/#website","url":"https:\/\/povestile-generatiilor.ro\/","name":"Povestile generatiilor. Povesti si poezii.","description":"Povesti pentru copii cu si despre animale. Citeste copilului t\u0103u povestirile vechi ale copil\u0103riei.","publisher":{"@id":"https:\/\/povestile-generatiilor.ro\/#organization"},"potentialAction":[{"@type":"SearchAction","target":{"@type":"EntryPoint","urlTemplate":"https:\/\/povestile-generatiilor.ro\/?s={search_term_string}"},"query-input":{"@type":"PropertyValueSpecification","valueRequired":true,"valueName":"search_term_string"}}],"inLanguage":"ro-RO"},{"@type":"Organization","@id":"https:\/\/povestile-generatiilor.ro\/#organization","name":"Povestile generatiilor. Povesti si poezii.","url":"https:\/\/povestile-generatiilor.ro\/","logo":{"@type":"ImageObject","inLanguage":"ro-RO","@id":"https:\/\/povestile-generatiilor.ro\/#\/schema\/logo\/image\/","url":"https:\/\/povestile-generatiilor.ro\/wp-content\/uploads\/2024\/01\/logo-povestile-generatiilor-png.jpeg","contentUrl":"https:\/\/povestile-generatiilor.ro\/wp-content\/uploads\/2024\/01\/logo-povestile-generatiilor-png.jpeg","width":765,"height":153,"caption":"Povestile generatiilor. Povesti si poezii."},"image":{"@id":"https:\/\/povestile-generatiilor.ro\/#\/schema\/logo\/image\/"}}]}},"_links":{"self":[{"href":"https:\/\/povestile-generatiilor.ro\/index.php\/wp-json\/wp\/v2\/pages\/57","targetHints":{"allow":["GET"]}}],"collection":[{"href":"https:\/\/povestile-generatiilor.ro\/index.php\/wp-json\/wp\/v2\/pages"}],"about":[{"href":"https:\/\/povestile-generatiilor.ro\/index.php\/wp-json\/wp\/v2\/types\/page"}],"author":[{"embeddable":true,"href":"https:\/\/povestile-generatiilor.ro\/index.php\/wp-json\/wp\/v2\/users\/1"}],"replies":[{"embeddable":true,"href":"https:\/\/povestile-generatiilor.ro\/index.php\/wp-json\/wp\/v2\/comments?post=57"}],"version-history":[{"count":24,"href":"https:\/\/povestile-generatiilor.ro\/index.php\/wp-json\/wp\/v2\/pages\/57\/revisions"}],"predecessor-version":[{"id":1008,"href":"https:\/\/povestile-generatiilor.ro\/index.php\/wp-json\/wp\/v2\/pages\/57\/revisions\/1008"}],"wp:attachment":[{"href":"https:\/\/povestile-generatiilor.ro\/index.php\/wp-json\/wp\/v2\/media?parent=57"}],"curies":[{"name":"wp","href":"https:\/\/api.w.org\/{rel}","templated":true}]}}